{"id":548,"date":"2019-03-23T10:54:06","date_gmt":"2019-03-23T10:54:06","guid":{"rendered":"https:\/\/fanclubferminaldeguer.es\/?page_id=548"},"modified":"2026-01-04T18:21:41","modified_gmt":"2026-01-04T17:21:41","slug":"socios","status":"publish","type":"page","link":"https:\/\/fanclubferminaldeguer.es\/en\/socios\/","title":{"rendered":"Partners"},"content":{"rendered":"<div data-elementor-type=\"wp-post\" data-elementor-id=\"548\" class=\"elementor elementor-548\" data-elementor-post-type=\"page\">\n\t\t\t\t\t\t<section data-particle_enable=\"false\" data-particle-mobile-disabled=\"false\" class=\"elementor-section elementor-top-section elementor-element elementor-element-1c6cbcc elementor-section-boxed elementor-section-height-default elementor-section-height-default\" data-id=\"1c6cbcc\" data-element_type=\"section\">\n\t\t\t\t\t\t<div class=\"elementor-container elementor-column-gap-default\">\n\t\t\t\t\t<div class=\"elementor-column elementor-col-100 elementor-top-column elementor-element elementor-element-96439f6\" data-id=\"96439f6\" data-element_type=\"column\">\n\t\t\t<div class=\"elementor-widget-wrap elementor-element-populated\">\n\t\t\t\t\t\t\t<\/div>\n\t\t<\/div>\n\t\t\t\t\t<\/div>\n\t\t<\/section>\n\t\t\t\t<section data-particle_enable=\"false\" data-particle-mobile-disabled=\"false\" class=\"elementor-section elementor-top-section elementor-element elementor-element-1aff95a animated-slow elementor-section-stretched elementor-section-full_width elementor-section-height-default elementor-section-height-default elementor-invisible\" data-id=\"1aff95a\" data-element_type=\"section\" data-settings=\"{&quot;background_background&quot;:&quot;classic&quot;,&quot;animation&quot;:&quot;bounceIn&quot;,&quot;stretch_section&quot;:&quot;section-stretched&quot;}\">\n\t\t\t\t\t\t<div class=\"elementor-container elementor-column-gap-default\">\n\t\t\t\t\t<div class=\"elementor-column elementor-col-100 elementor-top-column elementor-element elementor-element-03b5860\" data-id=\"03b5860\" data-element_type=\"column\" data-settings=\"{&quot;background_background&quot;:&quot;classic&quot;}\">\n\t\t\t<div class=\"elementor-widget-wrap elementor-element-populated\">\n\t\t\t\t\t\t<div class=\"elementor-element elementor-element-00bba02 elementor-widget elementor-widget-heading\" data-id=\"00bba02\" data-element_type=\"widget\" data-widget_type=\"heading.default\">\n\t\t\t\t<div class=\"elementor-widget-container\">\n\t\t\t<h3 class=\"elementor-heading-title elementor-size-default\">FAN CLUB MEMBERS<\/h3>\t\t<\/div>\n\t\t\t\t<\/div>\n\t\t\t\t\t<\/div>\n\t\t<\/div>\n\t\t\t\t\t<\/div>\n\t\t<\/section>\n\t\t\t\t<section data-particle_enable=\"false\" data-particle-mobile-disabled=\"false\" class=\"elementor-section elementor-top-section elementor-element elementor-element-2110529 elementor-section-boxed elementor-section-height-default elementor-section-height-default elementor-invisible\" data-id=\"2110529\" data-element_type=\"section\" data-settings=\"{&quot;animation&quot;:&quot;zoomInUp&quot;}\">\n\t\t\t\t\t\t<div class=\"elementor-container elementor-column-gap-default\">\n\t\t\t\t\t<div class=\"elementor-column elementor-col-100 elementor-top-column elementor-element elementor-element-1d07740\" data-id=\"1d07740\" data-element_type=\"column\">\n\t\t\t<div class=\"elementor-widget-wrap elementor-element-populated\">\n\t\t\t\t\t\t<div class=\"elementor-element elementor-element-1b7d2a1 elementor-widget elementor-widget-text-editor\" data-id=\"1b7d2a1\" data-element_type=\"widget\" data-widget_type=\"text-editor.default\">\n\t\t\t\t<div class=\"elementor-widget-container\">\n\t\t\t\t\t\t\t<p>\u2013 For being a member of the <strong>Fan Club Ferm\u00edn Aldeguer54<\/strong>:<\/p><ul><li>You will receive as a gift the official t-shirt of the <strong>Fan Club Ferm\u00edn Aldeguer54<\/strong> and backpack-bag.<\/li><li>You will be the first to be informed of all training, races, events, etc.<\/li><li>You will enter directly into draws.<\/li><li>Gifts.<\/li><li>Discounts on tickets to Spanish circuits in the Aldeguer54 stands<strong>.<\/strong><\/li><li>Etc<strong>.<\/strong><\/li><\/ul><p>- The <strong><span style=\"color: #333333;\">t-shirt<\/span> <\/strong>and <strong><span style=\"color: #333333;\">backpack-bag<\/span><\/strong> You can pick it up at the headquarters of <strong>fanclub<\/strong> or request shipping by certified postal mail with an additional cost depending on the country of delivery <strong>(Calculated during checkout)<\/strong>.<\/p><p><span style=\"text-decoration: underline;\"><strong>Fan Club Headquarters<\/strong><\/span>:<br \/>Ferm\u00edn Aldeguer Fan Club Association 54<br \/>de Mayo 100, El Palmar (Murcia)<br \/><span style=\"color: #800000;\"><a style=\"color: #800000;\" href=\"mailto:webmaster@fanclubferminaldeguer.es\">webmaster@fanclubferminaldeguer.es<\/a><\/span><\/p>\t\t\t\t\t\t<\/div>\n\t\t\t\t<\/div>\n\t\t\t\t\t<\/div>\n\t\t<\/div>\n\t\t\t\t\t<\/div>\n\t\t<\/section>\n\t\t\t\t<section data-particle_enable=\"false\" data-particle-mobile-disabled=\"false\" class=\"elementor-section elementor-top-section elementor-element elementor-element-e324d66 elementor-section-boxed elementor-section-height-default elementor-section-height-default elementor-invisible\" data-id=\"e324d66\" data-element_type=\"section\" data-settings=\"{&quot;animation&quot;:&quot;zoomInUp&quot;}\">\n\t\t\t\t\t\t<div class=\"elementor-container elementor-column-gap-default\">\n\t\t\t\t\t<div class=\"elementor-column elementor-col-100 elementor-top-column elementor-element elementor-element-4aeac1a\" data-id=\"4aeac1a\" data-element_type=\"column\">\n\t\t\t<div class=\"elementor-widget-wrap elementor-element-populated\">\n\t\t\t\t\t\t<div class=\"elementor-element elementor-element-9ef789c elementor-widget elementor-widget-text-editor\" data-id=\"9ef789c\" data-element_type=\"widget\" data-widget_type=\"text-editor.default\">\n\t\t\t\t<div class=\"elementor-widget-container\">\n\t\t\t\t\t\t\t<p style=\"text-align: center;\"><strong><span style=\"color: #333333;\">Welcome gift t-shirt for the 2026 season, Ferm\u00edn Aldeguer5 Fan Club<\/span><\/strong>4:<\/p>\t\t\t\t\t\t<\/div>\n\t\t\t\t<\/div>\n\t\t\t\t\t<\/div>\n\t\t<\/div>\n\t\t\t\t\t<\/div>\n\t\t<\/section>\n\t\t\t\t<section data-particle_enable=\"false\" data-particle-mobile-disabled=\"false\" class=\"elementor-section elementor-top-section elementor-element elementor-element-5ce99fc elementor-section-boxed elementor-section-height-default elementor-section-height-default elementor-invisible\" data-id=\"5ce99fc\" data-element_type=\"section\" data-settings=\"{&quot;animation&quot;:&quot;zoomInUp&quot;}\">\n\t\t\t\t\t\t<div class=\"elementor-container elementor-column-gap-default\">\n\t\t\t\t\t<div class=\"elementor-column elementor-col-33 elementor-top-column elementor-element elementor-element-78d2795\" data-id=\"78d2795\" data-element_type=\"column\">\n\t\t\t<div class=\"elementor-widget-wrap elementor-element-populated\">\n\t\t\t\t\t\t<div class=\"elementor-element elementor-element-3c88ee6 elementor-widget elementor-widget-image\" data-id=\"3c88ee6\" data-element_type=\"widget\" data-widget_type=\"image.default\">\n\t\t\t\t<div class=\"elementor-widget-container\">\n\t\t\t\t\t\t\t\t\t\t\t\t\t<img fetchpriority=\"high\" decoding=\"async\" width=\"707\" height=\"707\" src=\"https:\/\/fanclubferminaldeguer.es\/wp-content\/uploads\/2025\/11\/camiseta-2.jpg\" class=\"attachment-large size-large wp-image-10531\" alt=\"\" srcset=\"https:\/\/fanclubferminaldeguer.es\/wp-content\/uploads\/2025\/11\/camiseta-2.jpg 707w, https:\/\/fanclubferminaldeguer.es\/wp-content\/uploads\/2025\/11\/camiseta-2-300x300.jpg 300w, https:\/\/fanclubferminaldeguer.es\/wp-content\/uploads\/2025\/11\/camiseta-2-150x150.jpg 150w, https:\/\/fanclubferminaldeguer.es\/wp-content\/uploads\/2025\/11\/camiseta-2-12x12.jpg 12w, https:\/\/fanclubferminaldeguer.es\/wp-content\/uploads\/2025\/11\/camiseta-2-600x600.jpg 600w, https:\/\/fanclubferminaldeguer.es\/wp-content\/uploads\/2025\/11\/camiseta-2-100x100.jpg 100w\" sizes=\"(max-width: 707px) 100vw, 707px\" \/>\t\t\t\t\t\t\t\t\t\t\t\t\t<\/div>\n\t\t\t\t<\/div>\n\t\t\t\t\t<\/div>\n\t\t<\/div>\n\t\t\t\t<div class=\"elementor-column elementor-col-33 elementor-top-column elementor-element elementor-element-8fc3e50\" data-id=\"8fc3e50\" data-element_type=\"column\">\n\t\t\t<div class=\"elementor-widget-wrap\">\n\t\t\t\t\t\t\t<\/div>\n\t\t<\/div>\n\t\t\t\t<div class=\"elementor-column elementor-col-33 elementor-top-column elementor-element elementor-element-03581f8\" data-id=\"03581f8\" data-element_type=\"column\">\n\t\t\t<div class=\"elementor-widget-wrap elementor-element-populated\">\n\t\t\t\t\t\t<div class=\"elementor-element elementor-element-f55125c elementor-widget elementor-widget-image\" data-id=\"f55125c\" data-element_type=\"widget\" data-widget_type=\"image.default\">\n\t\t\t\t<div class=\"elementor-widget-container\">\n\t\t\t\t\t\t\t\t\t\t\t\t\t<img decoding=\"async\" width=\"707\" height=\"707\" src=\"https:\/\/fanclubferminaldeguer.es\/wp-content\/uploads\/2025\/11\/camiseta-3.jpg\" class=\"attachment-large size-large wp-image-10532\" alt=\"\" srcset=\"https:\/\/fanclubferminaldeguer.es\/wp-content\/uploads\/2025\/11\/camiseta-3.jpg 707w, https:\/\/fanclubferminaldeguer.es\/wp-content\/uploads\/2025\/11\/camiseta-3-300x300.jpg 300w, https:\/\/fanclubferminaldeguer.es\/wp-content\/uploads\/2025\/11\/camiseta-3-150x150.jpg 150w, https:\/\/fanclubferminaldeguer.es\/wp-content\/uploads\/2025\/11\/camiseta-3-12x12.jpg 12w, https:\/\/fanclubferminaldeguer.es\/wp-content\/uploads\/2025\/11\/camiseta-3-600x600.jpg 600w, https:\/\/fanclubferminaldeguer.es\/wp-content\/uploads\/2025\/11\/camiseta-3-100x100.jpg 100w\" sizes=\"(max-width: 707px) 100vw, 707px\" \/>\t\t\t\t\t\t\t\t\t\t\t\t\t<\/div>\n\t\t\t\t<\/div>\n\t\t\t\t\t<\/div>\n\t\t<\/div>\n\t\t\t\t\t<\/div>\n\t\t<\/section>\n\t\t\t\t<section data-particle_enable=\"false\" data-particle-mobile-disabled=\"false\" class=\"elementor-section elementor-top-section elementor-element elementor-element-e02d412 elementor-section-boxed elementor-section-height-default elementor-section-height-default elementor-invisible\" data-id=\"e02d412\" data-element_type=\"section\" data-settings=\"{&quot;animation&quot;:&quot;zoomInUp&quot;}\">\n\t\t\t\t\t\t<div class=\"elementor-container elementor-column-gap-default\">\n\t\t\t\t\t<div class=\"elementor-column elementor-col-100 elementor-top-column elementor-element elementor-element-99032ad\" data-id=\"99032ad\" data-element_type=\"column\">\n\t\t\t<div class=\"elementor-widget-wrap elementor-element-populated\">\n\t\t\t\t\t\t<div class=\"elementor-element elementor-element-6c8388c elementor-widget elementor-widget-text-editor\" data-id=\"6c8388c\" data-element_type=\"widget\" data-widget_type=\"text-editor.default\">\n\t\t\t\t<div class=\"elementor-widget-container\">\n\t\t\t\t\t\t\t<p style=\"text-align: center;\"><strong><span style=\"color: #333333;\">Fan Club Ferm\u00edn Aldeguer5 backpack\/bag<\/span><\/strong>4:<\/p>\t\t\t\t\t\t<\/div>\n\t\t\t\t<\/div>\n\t\t\t\t\t<\/div>\n\t\t<\/div>\n\t\t\t\t\t<\/div>\n\t\t<\/section>\n\t\t\t\t<section data-particle_enable=\"false\" data-particle-mobile-disabled=\"false\" class=\"elementor-section elementor-top-section elementor-element elementor-element-680b23e elementor-section-boxed elementor-section-height-default elementor-section-height-default elementor-invisible\" data-id=\"680b23e\" data-element_type=\"section\" data-settings=\"{&quot;animation&quot;:&quot;zoomInUp&quot;}\">\n\t\t\t\t\t\t<div class=\"elementor-container elementor-column-gap-default\">\n\t\t\t\t\t<div class=\"elementor-column elementor-col-33 elementor-top-column elementor-element elementor-element-d9aa83a\" data-id=\"d9aa83a\" data-element_type=\"column\">\n\t\t\t<div class=\"elementor-widget-wrap\">\n\t\t\t\t\t\t\t<\/div>\n\t\t<\/div>\n\t\t\t\t<div class=\"elementor-column elementor-col-33 elementor-top-column elementor-element elementor-element-50dfd2d\" data-id=\"50dfd2d\" data-element_type=\"column\">\n\t\t\t<div class=\"elementor-widget-wrap elementor-element-populated\">\n\t\t\t\t\t\t<div class=\"elementor-element elementor-element-8864075 elementor-widget elementor-widget-image\" data-id=\"8864075\" data-element_type=\"widget\" data-widget_type=\"image.default\">\n\t\t\t\t<div class=\"elementor-widget-container\">\n\t\t\t\t\t\t\t\t\t\t\t\t\t<img decoding=\"async\" width=\"707\" height=\"707\" src=\"https:\/\/fanclubferminaldeguer.es\/wp-content\/uploads\/2023\/01\/Mochila_bolsa_tienda_22-1.jpg\" class=\"attachment-large size-large wp-image-6204\" alt=\"\" srcset=\"https:\/\/fanclubferminaldeguer.es\/wp-content\/uploads\/2023\/01\/Mochila_bolsa_tienda_22-1.jpg 707w, https:\/\/fanclubferminaldeguer.es\/wp-content\/uploads\/2023\/01\/Mochila_bolsa_tienda_22-1-300x300.jpg 300w, https:\/\/fanclubferminaldeguer.es\/wp-content\/uploads\/2023\/01\/Mochila_bolsa_tienda_22-1-150x150.jpg 150w, https:\/\/fanclubferminaldeguer.es\/wp-content\/uploads\/2023\/01\/Mochila_bolsa_tienda_22-1-12x12.jpg 12w, https:\/\/fanclubferminaldeguer.es\/wp-content\/uploads\/2023\/01\/Mochila_bolsa_tienda_22-1-600x600.jpg 600w, https:\/\/fanclubferminaldeguer.es\/wp-content\/uploads\/2023\/01\/Mochila_bolsa_tienda_22-1-100x100.jpg 100w\" sizes=\"(max-width: 707px) 100vw, 707px\" \/>\t\t\t\t\t\t\t\t\t\t\t\t\t<\/div>\n\t\t\t\t<\/div>\n\t\t\t\t\t<\/div>\n\t\t<\/div>\n\t\t\t\t<div class=\"elementor-column elementor-col-33 elementor-top-column elementor-element elementor-element-1f9f09d\" data-id=\"1f9f09d\" data-element_type=\"column\">\n\t\t\t<div class=\"elementor-widget-wrap\">\n\t\t\t\t\t\t\t<\/div>\n\t\t<\/div>\n\t\t\t\t\t<\/div>\n\t\t<\/section>\n\t\t\t\t<section data-particle_enable=\"false\" data-particle-mobile-disabled=\"false\" class=\"elementor-section elementor-top-section elementor-element elementor-element-81280b7 elementor-section-boxed elementor-section-height-default elementor-section-height-default elementor-invisible\" data-id=\"81280b7\" data-element_type=\"section\" data-settings=\"{&quot;background_background&quot;:&quot;classic&quot;,&quot;animation&quot;:&quot;zoomIn&quot;}\">\n\t\t\t\t\t\t<div class=\"elementor-container elementor-column-gap-default\">\n\t\t\t\t\t<div class=\"elementor-column elementor-col-100 elementor-top-column elementor-element elementor-element-3269dac\" data-id=\"3269dac\" data-element_type=\"column\">\n\t\t\t<div class=\"elementor-widget-wrap elementor-element-populated\">\n\t\t\t\t\t\t<div class=\"elementor-element elementor-element-f2fff86 elementor-button-info elementor-align-center elementor-widget elementor-widget-button\" data-id=\"f2fff86\" data-element_type=\"widget\" data-widget_type=\"button.default\">\n\t\t\t\t<div class=\"elementor-widget-container\">\n\t\t\t\t\t\t\t<div class=\"elementor-button-wrapper\">\n\t\t\t\t\t<a class=\"elementor-button elementor-button-link elementor-size-xs elementor-animation-push\" href=\"https:\/\/fanclubferminaldeguer.es\/en\/alta_socio\/\">\n\t\t\t\t\t\t<span class=\"elementor-button-content-wrapper\">\n\t\t\t\t\t\t\t\t\t<span class=\"elementor-button-text\">NEW MEMBER 2026<\/span>\n\t\t\t\t\t<\/span>\n\t\t\t\t\t<\/a>\n\t\t\t\t<\/div>\n\t\t\t\t\t\t<\/div>\n\t\t\t\t<\/div>\n\t\t\t\t\t<\/div>\n\t\t<\/div>\n\t\t\t\t\t<\/div>\n\t\t<\/section>\n\t\t\t\t<section data-particle_enable=\"false\" data-particle-mobile-disabled=\"false\" class=\"elementor-section elementor-top-section elementor-element elementor-element-15bdbd4 elementor-section-boxed elementor-section-height-default elementor-section-height-default\" data-id=\"15bdbd4\" data-element_type=\"section\">\n\t\t\t\t\t\t<div class=\"elementor-container elementor-column-gap-default\">\n\t\t\t\t\t<div class=\"elementor-column elementor-col-100 elementor-top-column elementor-element elementor-element-c160469\" data-id=\"c160469\" data-element_type=\"column\">\n\t\t\t<div class=\"elementor-widget-wrap\">\n\t\t\t\t\t\t\t<\/div>\n\t\t<\/div>\n\t\t\t\t\t<\/div>\n\t\t<\/section>\n\t\t\t\t<section data-particle_enable=\"false\" data-particle-mobile-disabled=\"false\" class=\"elementor-section elementor-top-section elementor-element elementor-element-76aeec0 elementor-section-boxed elementor-section-height-default elementor-section-height-default elementor-invisible\" data-id=\"76aeec0\" data-element_type=\"section\" data-settings=\"{&quot;background_background&quot;:&quot;classic&quot;,&quot;animation&quot;:&quot;zoomIn&quot;}\">\n\t\t\t\t\t\t<div class=\"elementor-container elementor-column-gap-default\">\n\t\t\t\t\t<div class=\"elementor-column elementor-col-100 elementor-top-column elementor-element elementor-element-a6eb01b\" data-id=\"a6eb01b\" data-element_type=\"column\">\n\t\t\t<div class=\"elementor-widget-wrap elementor-element-populated\">\n\t\t\t\t\t\t<div class=\"elementor-element elementor-element-2af6c1e elementor-button-info elementor-align-center elementor-widget elementor-widget-button\" data-id=\"2af6c1e\" data-element_type=\"widget\" data-widget_type=\"button.default\">\n\t\t\t\t<div class=\"elementor-widget-container\">\n\t\t\t\t\t\t\t<div class=\"elementor-button-wrapper\">\n\t\t\t\t\t<a class=\"elementor-button elementor-button-link elementor-size-xs elementor-animation-push\" href=\"https:\/\/fanclubferminaldeguer.es\/en\/zona-privada\/\">\n\t\t\t\t\t\t<span class=\"elementor-button-content-wrapper\">\n\t\t\t\t\t\t\t\t\t<span class=\"elementor-button-text\">Private zone<\/span>\n\t\t\t\t\t<\/span>\n\t\t\t\t\t<\/a>\n\t\t\t\t<\/div>\n\t\t\t\t\t\t<\/div>\n\t\t\t\t<\/div>\n\t\t\t\t\t<\/div>\n\t\t<\/div>\n\t\t\t\t\t<\/div>\n\t\t<\/section>\n\t\t\t\t<section data-particle_enable=\"false\" data-particle-mobile-disabled=\"false\" class=\"elementor-section elementor-top-section elementor-element elementor-element-3ae271f elementor-section-boxed elementor-section-height-default elementor-section-height-default\" data-id=\"3ae271f\" data-element_type=\"section\">\n\t\t\t\t\t\t<div class=\"elementor-container elementor-column-gap-default\">\n\t\t\t\t\t<div class=\"elementor-column elementor-col-33 elementor-top-column elementor-element elementor-element-71fcaec\" data-id=\"71fcaec\" data-element_type=\"column\">\n\t\t\t<div class=\"elementor-widget-wrap\">\n\t\t\t\t\t\t\t<\/div>\n\t\t<\/div>\n\t\t\t\t<div class=\"elementor-column elementor-col-33 elementor-top-column elementor-element elementor-element-eb5f899\" data-id=\"eb5f899\" data-element_type=\"column\">\n\t\t\t<div class=\"elementor-widget-wrap elementor-element-populated\">\n\t\t\t\t\t\t<div class=\"elementor-element elementor-element-a68b2d9 elementor-invisible elementor-widget elementor-widget-text-editor\" data-id=\"a68b2d9\" data-element_type=\"widget\" data-settings=\"{&quot;_animation&quot;:&quot;zoomIn&quot;}\" data-widget_type=\"text-editor.default\">\n\t\t\t\t<div class=\"elementor-widget-container\">\n\t\t\t\t\t\t\t<p>In the<strong><span style=\"color: #333333;\"> Private zone<\/span><\/strong> You will find a list of members and the purchase codes for tickets to the stands. <strong><span style=\"color: #333333;\">Aldeguer54<\/span> <\/strong>on Spanish circuits.<\/p><p><strong><span style=\"color: #333333;\">IMPORTANT<\/span><\/strong>To access the private area you need a password which is sent in the welcome email when you register as a member.<\/p>\t\t\t\t\t\t<\/div>\n\t\t\t\t<\/div>\n\t\t\t\t\t<\/div>\n\t\t<\/div>\n\t\t\t\t<div class=\"elementor-column elementor-col-33 elementor-top-column elementor-element elementor-element-a163df2\" data-id=\"a163df2\" data-element_type=\"column\">\n\t\t\t<div class=\"elementor-widget-wrap\">\n\t\t\t\t\t\t\t<\/div>\n\t\t<\/div>\n\t\t\t\t\t<\/div>\n\t\t<\/section>\n\t\t\t\t<\/div>","protected":false},"excerpt":{"rendered":"<p>SOCIOS FAN CLUB &#8211; Por ser socio del Fan Club Ferm\u00edn Aldeguer54: Recibir\u00e1s de regalo la camiseta oficial del Fan Club Ferm\u00edn Aldeguer54 y mochila-bolsa. Ser\u00e1s el primero en estar informado de todos los entrenamientos, carreras, eventos, etc. Entrar\u00e1s directamente en sorteos. Regalos. Descuentos en las entradas de los circuitos espa\u00f1oles en las gradas Aldeguer54.&hellip;<\/p>","protected":false},"author":2,"featured_media":0,"parent":0,"menu_order":0,"comment_status":"closed","ping_status":"closed","template":"","meta":{"_price":"","_stock":"","_tribe_ticket_header":"","_tribe_default_ticket_provider":"","_tribe_ticket_capacity":"0","_ticket_start_date":"","_ticket_end_date":"","_tribe_ticket_show_description":"","_tribe_ticket_show_not_going":false,"_tribe_ticket_use_global_stock":"","_tribe_ticket_global_stock_level":"","_global_stock_mode":"","_global_stock_cap":"","_tribe_rsvp_for_event":"","_tribe_ticket_going_count":"","_tribe_ticket_not_going_count":"","_tribe_tickets_list":[],"_tribe_ticket_has_attendee_info_fields":false,"footnotes":""},"class_list":["post-548","page","type-page","status-publish","hentry"],"ticketed":false,"_links":{"self":[{"href":"https:\/\/fanclubferminaldeguer.es\/en\/wp-json\/wp\/v2\/pages\/548","targetHints":{"allow":["GET"]}}],"collection":[{"href":"https:\/\/fanclubferminaldeguer.es\/en\/wp-json\/wp\/v2\/pages"}],"about":[{"href":"https:\/\/fanclubferminaldeguer.es\/en\/wp-json\/wp\/v2\/types\/page"}],"author":[{"embeddable":true,"href":"https:\/\/fanclubferminaldeguer.es\/en\/wp-json\/wp\/v2\/users\/2"}],"replies":[{"embeddable":true,"href":"https:\/\/fanclubferminaldeguer.es\/en\/wp-json\/wp\/v2\/comments?post=548"}],"version-history":[{"count":167,"href":"https:\/\/fanclubferminaldeguer.es\/en\/wp-json\/wp\/v2\/pages\/548\/revisions"}],"predecessor-version":[{"id":10996,"href":"https:\/\/fanclubferminaldeguer.es\/en\/wp-json\/wp\/v2\/pages\/548\/revisions\/10996"}],"wp:attachment":[{"href":"https:\/\/fanclubferminaldeguer.es\/en\/wp-json\/wp\/v2\/media?parent=548"}],"curies":[{"name":"wp","href":"https:\/\/api.w.org\/{rel}","templated":true}]}}